{"id":688,"date":"2025-05-30T22:00:37","date_gmt":"2025-05-30T20:00:37","guid":{"rendered":"https:\/\/michele-straehl.ch\/?page_id=688"},"modified":"2025-07-09T12:11:03","modified_gmt":"2025-07-09T10:11:03","slug":"politik","status":"publish","type":"page","link":"https:\/\/michele-straehl.ch\/?page_id=688","title":{"rendered":"Politik"},"content":{"rendered":"\t\t<div data-elementor-type=\"wp-page\" data-elementor-id=\"688\" class=\"elementor elementor-688\" data-elementor-post-type=\"page\">\n\t\t\t\t<div class=\"elementor-element elementor-element-c15e803 e-flex e-con-boxed e-con e-parent\" data-id=\"c15e803\" data-element_type=\"container\" data-e-type=\"container\">\n\t\t\t\t\t<div class=\"e-con-inner\">\n\t\t\t\t<div class=\"elementor-element elementor-element-1da5cf0 elementor-widget elementor-widget-heading\" data-id=\"1da5cf0\" data-element_type=\"widget\" data-e-type=\"widget\" data-widget_type=\"heading.default\">\n\t\t\t\t<div class=\"elementor-widget-container\">\n\t\t\t\t\t<h1 class=\"elementor-heading-title elementor-size-default\">Politik<\/h1>\t\t\t\t<\/div>\n\t\t\t\t<\/div>\n\t\t\t\t<div class=\"elementor-element elementor-element-9966b08 elementor-arrows-position-inside elementor-widget elementor-widget-image-carousel\" data-id=\"9966b08\" data-element_type=\"widget\" data-e-type=\"widget\" data-settings=\"{&quot;slides_to_show&quot;:&quot;1&quot;,&quot;navigation&quot;:&quot;arrows&quot;,&quot;infinite&quot;:&quot;yes&quot;,&quot;effect&quot;:&quot;slide&quot;,&quot;speed&quot;:500}\" data-widget_type=\"image-carousel.default\">\n\t\t\t\t<div class=\"elementor-widget-container\">\n\t\t\t\t\t\t\t<div class=\"elementor-image-carousel-wrapper swiper\" role=\"region\" aria-roledescription=\"carousel\" aria-label=\"Bild Karussell\" dir=\"ltr\">\n\t\t\t<div class=\"elementor-image-carousel swiper-wrapper swiper-image-stretch\" aria-live=\"polite\">\n\t\t\t\t\t\t\t\t<div class=\"swiper-slide\" role=\"group\" aria-roledescription=\"slide\" aria-label=\"1 von 2\"><figure class=\"swiper-slide-inner\"><img decoding=\"async\" class=\"swiper-slide-image\" src=\"https:\/\/michele-straehl.ch\/wp-content\/uploads\/2025\/07\/Politbuhne_klein-1536x1025.jpg\" alt=\"Politbuhne_klein\" \/><\/figure><\/div><div class=\"swiper-slide\" role=\"group\" aria-roledescription=\"slide\" aria-label=\"2 von 2\"><figure class=\"swiper-slide-inner\"><img decoding=\"async\" class=\"swiper-slide-image\" src=\"https:\/\/michele-straehl.ch\/wp-content\/uploads\/2025\/07\/Straehl-1536x1022.jpg\" alt=\"Straehl\" \/><\/figure><\/div>\t\t\t<\/div>\n\t\t\t\t\t\t\t\t\t\t\t\t<div class=\"elementor-swiper-button elementor-swiper-button-prev\" role=\"button\" tabindex=\"0\">\n\t\t\t\t\t\t<svg aria-hidden=\"true\" class=\"e-font-icon-svg e-eicon-chevron-left\" viewBox=\"0 0 1000 1000\" xmlns=\"http:\/\/www.w3.org\/2000\/svg\"><path d=\"M646 125C629 125 613 133 604 142L308 442C296 454 292 471 292 487 292 504 296 521 308 533L604 854C617 867 629 875 646 875 663 875 679 871 692 858 704 846 713 829 713 812 713 796 708 779 692 767L438 487 692 225C700 217 708 204 708 187 708 171 704 154 692 142 675 129 663 125 646 125Z\"><\/path><\/svg>\t\t\t\t\t<\/div>\n\t\t\t\t\t<div class=\"elementor-swiper-button elementor-swiper-button-next\" role=\"button\" tabindex=\"0\">\n\t\t\t\t\t\t<svg aria-hidden=\"true\" class=\"e-font-icon-svg e-eicon-chevron-right\" viewBox=\"0 0 1000 1000\" xmlns=\"http:\/\/www.w3.org\/2000\/svg\"><path d=\"M696 533C708 521 713 504 713 487 713 471 708 454 696 446L400 146C388 133 375 125 354 125 338 125 325 129 313 142 300 154 292 171 292 187 292 204 296 221 308 233L563 492 304 771C292 783 288 800 288 817 288 833 296 850 308 863 321 871 338 875 354 875 371 875 388 867 400 854L696 533Z\"><\/path><\/svg>\t\t\t\t\t<\/div>\n\t\t\t\t\n\t\t\t\t\t\t\t\t\t<\/div>\n\t\t\t\t\t\t<\/div>\n\t\t\t\t<\/div>\n\t\t\t\t<div class=\"elementor-element elementor-element-1020acd elementor-widget elementor-widget-heading\" data-id=\"1020acd\" data-element_type=\"widget\" data-e-type=\"widget\" data-widget_type=\"heading.default\">\n\t\t\t\t<div class=\"elementor-widget-container\">\n\t\t\t\t\t<h2 class=\"elementor-heading-title elementor-size-default\">Politik mit Leidenschaft\n<\/h2>\t\t\t\t<\/div>\n\t\t\t\t<\/div>\n\t\t\t\t<div class=\"elementor-element elementor-element-95ec5a1 elementor-widget elementor-widget-text-editor\" data-id=\"95ec5a1\" data-element_type=\"widget\" data-e-type=\"widget\" data-widget_type=\"text-editor.default\">\n\t\t\t\t<div class=\"elementor-widget-container\">\n\t\t\t\t\t\t\t\t\t<p>Eine freiheitliche Wirtschafts- und Gesellschaftsordnung steht im Zentrum meiner Politik. Sowohl die B\u00fcrger als auch die Unternehmen sollen nicht durch die zunehmende \u00dcberregulierung in ihrem Tun eingeschr\u00e4nkt werden. Dies setzt voraus, dass jede und jeder die notwendige Eigenverantwortung wahrnimmt und r\u00fccksichtsvoll handelt. Der Staat soll nur dort Aufgaben wahrnehmen, wo dies einem \u00fcbergeordneten und h\u00f6hergewichtigen Interesse entspricht.<\/p>\t\t\t\t\t\t\t\t<\/div>\n\t\t\t\t<\/div>\n\t\t\t\t\t<\/div>\n\t\t\t\t<\/div>\n\t\t<div class=\"elementor-element elementor-element-d04feac e-flex e-con-boxed e-con e-parent\" data-id=\"d04feac\" data-element_type=\"container\" data-e-type=\"container\" data-settings=\"{&quot;background_background&quot;:&quot;classic&quot;}\">\n\t\t\t\t\t<div class=\"e-con-inner\">\n\t\t<div class=\"elementor-element elementor-element-9f040bc e-con-full e-flex e-con e-child\" data-id=\"9f040bc\" data-element_type=\"container\" data-e-type=\"container\">\n\t\t\t\t<div class=\"elementor-element elementor-element-c742e54 elementor-widget__width-auto elementor-widget elementor-widget-heading\" data-id=\"c742e54\" data-element_type=\"widget\" data-e-type=\"widget\" data-widget_type=\"heading.default\">\n\t\t\t\t<div class=\"elementor-widget-container\">\n\t\t\t\t\t<span class=\"elementor-heading-title elementor-size-default\">Mich\u00e8le Str\u00e4hl\n<\/span>\t\t\t\t<\/div>\n\t\t\t\t<\/div>\n\t\t\t\t<div class=\"elementor-element elementor-element-55d455c elementor-widget__width-auto elementor-widget elementor-widget-heading\" data-id=\"55d455c\" data-element_type=\"widget\" data-e-type=\"widget\" data-widget_type=\"heading.default\">\n\t\t\t\t<div class=\"elementor-widget-container\">\n\t\t\t\t\t<span class=\"elementor-heading-title elementor-size-default\">\u00ab\u00dcberregulierung stoppen - liberal denken!\u00bb\n<\/span>\t\t\t\t<\/div>\n\t\t\t\t<\/div>\n\t\t\t\t<\/div>\n\t\t\t\t\t<\/div>\n\t\t\t\t<\/div>\n\t\t<div class=\"elementor-element elementor-element-40a9cd9 e-flex e-con-boxed e-con e-parent\" data-id=\"40a9cd9\" data-element_type=\"container\" data-e-type=\"container\">\n\t\t\t\t\t<div class=\"e-con-inner\">\n\t\t<div class=\"elementor-element elementor-element-75577dd e-con-full e-flex e-con e-child\" data-id=\"75577dd\" data-element_type=\"container\" data-e-type=\"container\">\n\t\t\t\t<div class=\"elementor-element elementor-element-3618c20 elementor-widget elementor-widget-heading\" data-id=\"3618c20\" data-element_type=\"widget\" data-e-type=\"widget\" data-widget_type=\"heading.default\">\n\t\t\t\t<div class=\"elementor-widget-container\">\n\t\t\t\t\t<h2 class=\"elementor-heading-title elementor-size-default\">Politische \u00c4mter\n<\/h2>\t\t\t\t<\/div>\n\t\t\t\t<\/div>\n\t\t\t\t<div class=\"elementor-element elementor-element-dd1caf3 elementor-widget elementor-widget-text-editor\" data-id=\"dd1caf3\" data-element_type=\"widget\" data-e-type=\"widget\" data-widget_type=\"text-editor.default\">\n\t\t\t\t<div class=\"elementor-widget-container\">\n\t\t\t\t\t\t\t\t\t<ul><li>seit 2024: Pr\u00e4sidentin Justizkommission\u00a0<\/li><li>seit 2022: Mitglied\u00a0Justizkommission\u00a0<\/li><li>seit 2021: Kantonsr\u00e4tin\u00a0TG<\/li><li>seit 2021: Mitglied Stadtparlament\u00a0Weinfelden<\/li><li>2015 bis 2024: Pr\u00e4sidentin der FDP. Die Liberalen Weinfelden<\/li><li>2008 bis 2012: Gemeinder\u00e4tin\u00a0\/ Vizegemeindeammann\u00a0Politische Gemeinde Kemmental\u00a0<\/li><\/ul>\t\t\t\t\t\t\t\t<\/div>\n\t\t\t\t<\/div>\n\t\t\t\t<\/div>\n\t\t<div class=\"elementor-element elementor-element-6929770 e-con-full e-flex e-con e-child\" data-id=\"6929770\" data-element_type=\"container\" data-e-type=\"container\">\n\t\t\t\t<div class=\"elementor-element elementor-element-b19cbc0 elementor-widget elementor-widget-heading\" data-id=\"b19cbc0\" data-element_type=\"widget\" data-e-type=\"widget\" data-widget_type=\"heading.default\">\n\t\t\t\t<div class=\"elementor-widget-container\">\n\t\t\t\t\t<h2 class=\"elementor-heading-title elementor-size-default\">Mitgliedschaften\n<\/h2>\t\t\t\t<\/div>\n\t\t\t\t<\/div>\n\t\t\t\t<div class=\"elementor-element elementor-element-4ff7ff2 elementor-widget elementor-widget-text-editor\" data-id=\"4ff7ff2\" data-element_type=\"widget\" data-e-type=\"widget\" data-widget_type=\"text-editor.default\">\n\t\t\t\t<div class=\"elementor-widget-container\">\n\t\t\t\t\t\t\t\t\t<ul><li>Mitglied Gewerbegruppe<\/li><li>Mitglied Landwirtschaftsgruppe<\/li><li>Mitglied Fachgruppe Gesellschaft (FDP TG)<\/li><\/ul>\t\t\t\t\t\t\t\t<\/div>\n\t\t\t\t<\/div>\n\t\t\t\t<\/div>\n\t\t\t\t\t<\/div>\n\t\t\t\t<\/div>\n\t\t<div class=\"elementor-element elementor-element-d51a5c4 e-flex e-con-boxed e-con e-parent\" data-id=\"d51a5c4\" data-element_type=\"container\" data-e-type=\"container\" data-settings=\"{&quot;background_background&quot;:&quot;classic&quot;}\">\n\t\t\t\t\t<div class=\"e-con-inner\">\n\t\t\t\t<div class=\"elementor-element elementor-element-7c45cbf elementor-widget elementor-widget-heading\" data-id=\"7c45cbf\" data-element_type=\"widget\" data-e-type=\"widget\" data-widget_type=\"heading.default\">\n\t\t\t\t<div class=\"elementor-widget-container\">\n\t\t\t\t\t<h2 class=\"elementor-heading-title elementor-size-default\">Meine politische Arbeit orientiert sich an folgenden Werten:\n<\/h2>\t\t\t\t<\/div>\n\t\t\t\t<\/div>\n\t\t<div class=\"elementor-element elementor-element-c04b6f4 e-con-full e-flex e-con e-child\" data-id=\"c04b6f4\" data-element_type=\"container\" data-e-type=\"container\">\n\t\t\t\t<div class=\"elementor-element elementor-element-bee5d96 elementor-widget elementor-widget-heading\" data-id=\"bee5d96\" data-element_type=\"widget\" data-e-type=\"widget\" data-widget_type=\"heading.default\">\n\t\t\t\t<div class=\"elementor-widget-container\">\n\t\t\t\t\t<h3 class=\"elementor-heading-title elementor-size-default\">Freiheit<\/h3>\t\t\t\t<\/div>\n\t\t\t\t<\/div>\n\t\t\t\t<div class=\"elementor-element elementor-element-272f0f1 elementor-widget elementor-widget-text-editor\" data-id=\"272f0f1\" data-element_type=\"widget\" data-e-type=\"widget\" data-widget_type=\"text-editor.default\">\n\t\t\t\t<div class=\"elementor-widget-container\">\n\t\t\t\t\t\t\t\t\tFreiheit bedeutet f\u00fcr mich, dass wir selbstbestimmt leben k\u00f6nnen. Dazu geh\u00f6rt auch die unternehmerische Freiheit. Staatliche Einschr\u00e4nkungen sollen nur dort Platz haben, wo diese f\u00fcr ein friedliches Zusammenleben unabdingbar sind. \n\n\t\t\t\t\t\t\t\t<\/div>\n\t\t\t\t<\/div>\n\t\t\t\t<\/div>\n\t\t<div class=\"elementor-element elementor-element-ba52458 e-con-full e-flex e-con e-child\" data-id=\"ba52458\" data-element_type=\"container\" data-e-type=\"container\">\n\t\t\t\t<div class=\"elementor-element elementor-element-2e68f26 elementor-widget elementor-widget-heading\" data-id=\"2e68f26\" data-element_type=\"widget\" data-e-type=\"widget\" data-widget_type=\"heading.default\">\n\t\t\t\t<div class=\"elementor-widget-container\">\n\t\t\t\t\t<h3 class=\"elementor-heading-title elementor-size-default\">Gemeinsinn\n<\/h3>\t\t\t\t<\/div>\n\t\t\t\t<\/div>\n\t\t\t\t<div class=\"elementor-element elementor-element-f8520ed elementor-widget elementor-widget-text-editor\" data-id=\"f8520ed\" data-element_type=\"widget\" data-e-type=\"widget\" data-widget_type=\"text-editor.default\">\n\t\t\t\t<div class=\"elementor-widget-container\">\n\t\t\t\t\t\t\t\t\t<p>Freiwilliges Engagement &#8211; ob in Vereinen, in der Familie, in gemeinn\u00fctzigen Organisationen oder in der Politik &#8211;\u00a0ist zentral in unserer Gesellschaft. Es h\u00e4lt unsere Bev\u00f6lkerung zusammen und dient allen Generationen. Hierzu z\u00e4hlt aber auch der Einsatz zu Gunsten all derjenigen, welche nicht auf der Sonnenseite\u00a0des Lebens stehen. Unsere Sozialwerke\u00a0&#8211; getragen von der Gemeinschaft &#8211; sind ein wichtiger Eckpfeiler unseres Staates, welche\u00a0all diejenigen sch\u00fctzen und st\u00fctzten sollen, welche in Not geraten\u00a0sind.<\/p>\t\t\t\t\t\t\t\t<\/div>\n\t\t\t\t<\/div>\n\t\t\t\t<\/div>\n\t\t<div class=\"elementor-element elementor-element-508d749 e-con-full e-flex e-con e-child\" data-id=\"508d749\" data-element_type=\"container\" data-e-type=\"container\">\n\t\t\t\t<div class=\"elementor-element elementor-element-732d658 elementor-widget elementor-widget-heading\" data-id=\"732d658\" data-element_type=\"widget\" data-e-type=\"widget\" data-widget_type=\"heading.default\">\n\t\t\t\t<div class=\"elementor-widget-container\">\n\t\t\t\t\t<h3 class=\"elementor-heading-title elementor-size-default\">Fortschritt<\/h3>\t\t\t\t<\/div>\n\t\t\t\t<\/div>\n\t\t\t\t<div class=\"elementor-element elementor-element-dc9865f elementor-widget elementor-widget-text-editor\" data-id=\"dc9865f\" data-element_type=\"widget\" data-e-type=\"widget\" data-widget_type=\"text-editor.default\">\n\t\t\t\t<div class=\"elementor-widget-container\">\n\t\t\t\t\t\t\t\t\t<p>Innovation und Fortschritt dienen der zuk\u00fcnftigen L\u00f6sung unserer heutigen Probleme und Herausforderungen. Ein gutes, duales Berufsbildungssystem tr\u00e4gt dazu bei, dass wir auch die k\u00fcnftigen Herausforderungen meistern werden.<\/p>\t\t\t\t\t\t\t\t<\/div>\n\t\t\t\t<\/div>\n\t\t\t\t<\/div>\n\t\t\t\t\t<\/div>\n\t\t\t\t<\/div>\n\t\t<div class=\"elementor-element elementor-element-ecca60b e-flex e-con-boxed e-con e-parent\" data-id=\"ecca60b\" data-element_type=\"container\" data-e-type=\"container\">\n\t\t\t\t\t<div class=\"e-con-inner\">\n\t\t\t\t<div class=\"elementor-element elementor-element-e853958 elementor-widget elementor-widget-heading\" data-id=\"e853958\" data-element_type=\"widget\" data-e-type=\"widget\" data-widget_type=\"heading.default\">\n\t\t\t\t<div class=\"elementor-widget-container\">\n\t\t\t\t\t<h2 class=\"elementor-heading-title elementor-size-default\">Diese Themen sind mit besonders wichtig:\n<\/h2>\t\t\t\t<\/div>\n\t\t\t\t<\/div>\n\t\t<div class=\"elementor-element elementor-element-b3b9e76 e-con-full e-flex e-con e-child\" data-id=\"b3b9e76\" data-element_type=\"container\" data-e-type=\"container\">\n\t\t\t\t<div class=\"elementor-element elementor-element-3fc034c elementor-widget elementor-widget-heading\" data-id=\"3fc034c\" data-element_type=\"widget\" data-e-type=\"widget\" data-widget_type=\"heading.default\">\n\t\t\t\t<div class=\"elementor-widget-container\">\n\t\t\t\t\t<h3 class=\"elementor-heading-title elementor-size-default\">Wirtschaft und Landwirtschaft\n<\/h3>\t\t\t\t<\/div>\n\t\t\t\t<\/div>\n\t\t\t\t<div class=\"elementor-element elementor-element-41ab4d9 elementor-widget elementor-widget-text-editor\" data-id=\"41ab4d9\" data-element_type=\"widget\" data-e-type=\"widget\" data-widget_type=\"text-editor.default\">\n\t\t\t\t<div class=\"elementor-widget-container\">\n\t\t\t\t\t\t\t\t\t<p>Die Wirtschaft und die\u00a0Landwirtschaft brauchen nicht nur attraktive, sondern vor allem auch stabile Rahmenbedingungen.<\/p><p>Die\u00a0Schweizer Wirtschaft steht in weiten Teilen in Konkurrenz mit\u00a0ausl\u00e4ndischen\u00a0Mitbewerbern. Als\u00a0Hochlohnland\u00a0m\u00fcssen wir unsere Nachteile mit einem liberalen Arbeitsrecht, einer geringen Steuerbelastung und einer tiefen\u00a0Regulierungsdichte\u00a0wettmachen.<\/p><p>Der produzierenden Landwirtschaft kommt eine zentrale Rolle in der\u00a0Landesversorgung\u00a0zu.\u00a0Es muss\u00a0m\u00f6glich\u00a0sein, dass\u00a0auch\u00a0zuk\u00fcnftig in landwirtschaftliche Infrastruktur und\u00a0Innovationen\u00a0investiert werden kann, ohne von der n\u00e4chsten\u00a0Agrarreform\u00a0\u00fcberholt oder von sch\u00e4dlichen Volksinitiativen verunsichert zu werden.\u00a0Stabile Rahmenbedingungen ohne\u00a0\u00dcberregulierung\u00a0sind deshalb zentral, dass die Schweizer Landwirtschaft uns auch zuk\u00fcnftig mit gesunden und nachhaltig\u00a0produzierten\u00a0Produkten\u00a0versorgen kann.<\/p>\t\t\t\t\t\t\t\t<\/div>\n\t\t\t\t<\/div>\n\t\t\t\t<\/div>\n\t\t<div class=\"elementor-element elementor-element-a7ee81b e-con-full e-flex e-con e-child\" data-id=\"a7ee81b\" data-element_type=\"container\" data-e-type=\"container\">\n\t\t\t\t<div class=\"elementor-element elementor-element-f82db83 elementor-widget elementor-widget-heading\" data-id=\"f82db83\" data-element_type=\"widget\" data-e-type=\"widget\" data-widget_type=\"heading.default\">\n\t\t\t\t<div class=\"elementor-widget-container\">\n\t\t\t\t\t<h3 class=\"elementor-heading-title elementor-size-default\">Sozialwerke<\/h3>\t\t\t\t<\/div>\n\t\t\t\t<\/div>\n\t\t\t\t<div class=\"elementor-element elementor-element-926fb59 elementor-widget elementor-widget-text-editor\" data-id=\"926fb59\" data-element_type=\"widget\" data-e-type=\"widget\" data-widget_type=\"text-editor.default\">\n\t\t\t\t<div class=\"elementor-widget-container\">\n\t\t\t\t\t\t\t\t\t<p>Unsere\u00a0Sozialwerke\u00a0z\u00e4hlen zu denjenigen Errungenschaften, welche der\u00a0Bev\u00f6lkerung ein unbezahlbares Gef\u00fchl von Sicherheit\u00a0verleihen. Dies ist\u00a0wichtig und gut.\u00a0Sie sollen aber nur dort eingesetzt werden, wo keine Selbsthilfe\u00a0m\u00f6glich ist. Die\u00a0Altersvorsorge\u00a0bedarf\u00a0zudem einer\u00a0Reform,\u00a0da die Beibehaltung des heutigen\u00a0Rentenalters\u00a0langfristig nicht\u00a0finanzierbar\u00a0ist.\u00a0\u00a0<\/p>\t\t\t\t\t\t\t\t<\/div>\n\t\t\t\t<\/div>\n\t\t\t\t<\/div>\n\t\t<div class=\"elementor-element elementor-element-4902024 e-con-full e-flex e-con e-child\" data-id=\"4902024\" data-element_type=\"container\" data-e-type=\"container\">\n\t\t\t\t<div class=\"elementor-element elementor-element-7ae85d4 elementor-widget elementor-widget-heading\" data-id=\"7ae85d4\" data-element_type=\"widget\" data-e-type=\"widget\" data-widget_type=\"heading.default\">\n\t\t\t\t<div class=\"elementor-widget-container\">\n\t\t\t\t\t<h3 class=\"elementor-heading-title elementor-size-default\">Landesversorgung<\/h3>\t\t\t\t<\/div>\n\t\t\t\t<\/div>\n\t\t\t\t<div class=\"elementor-element elementor-element-bde80b1 elementor-widget elementor-widget-text-editor\" data-id=\"bde80b1\" data-element_type=\"widget\" data-e-type=\"widget\" data-widget_type=\"text-editor.default\">\n\t\t\t\t<div class=\"elementor-widget-container\">\n\t\t\t\t\t\t\t\t\t<p>Eine weitgehende\u00a0Selbstversorgung ist mir ein zentrales Anliegen. Sei dies im Bereich der Energie, der Ern\u00e4hrung oder der Gesundheit: F\u00fcr lebenswichtige\u00a0G\u00fcter und Dienstleistungen d\u00fcrfen wir uns nicht vom\u00a0Ausland abh\u00e4ngig machen, sondern m\u00fcssen sicherstellen, dass diese im Inland produziert\u00a0bzw. erbracht werden k\u00f6nnen.\u00a0<\/p>\t\t\t\t\t\t\t\t<\/div>\n\t\t\t\t<\/div>\n\t\t\t\t<\/div>\n\t\t<div class=\"elementor-element elementor-element-b19d491 e-con-full e-flex e-con e-child\" data-id=\"b19d491\" data-element_type=\"container\" data-e-type=\"container\">\n\t\t\t\t<div class=\"elementor-element elementor-element-81c11c5 elementor-widget elementor-widget-heading\" data-id=\"81c11c5\" data-element_type=\"widget\" data-e-type=\"widget\" data-widget_type=\"heading.default\">\n\t\t\t\t<div class=\"elementor-widget-container\">\n\t\t\t\t\t<h3 class=\"elementor-heading-title elementor-size-default\">Rechtsstaatlichkeit<\/h3>\t\t\t\t<\/div>\n\t\t\t\t<\/div>\n\t\t\t\t<div class=\"elementor-element elementor-element-38cf2e1 elementor-widget elementor-widget-text-editor\" data-id=\"38cf2e1\" data-element_type=\"widget\" data-e-type=\"widget\" data-widget_type=\"text-editor.default\">\n\t\t\t\t<div class=\"elementor-widget-container\">\n\t\t\t\t\t\t\t\t\t<p>Der Rechtsstaatlichkeit muss Sorge getragen werden. Sie garantiert, dass die B\u00fcrgerinnen und B\u00fcrger vor staatlicher Willk\u00fcr gesch\u00fctzt sind und sie begrenzt die Macht der Regierung und der Verwaltung.<\/p>\t\t\t\t\t\t\t\t<\/div>\n\t\t\t\t<\/div>\n\t\t\t\t<\/div>\n\t\t\t\t\t<\/div>\n\t\t\t\t<\/div>\n\t\t<div class=\"elementor-element elementor-element-252942a e-flex e-con-boxed e-con e-parent\" data-id=\"252942a\" data-element_type=\"container\" data-e-type=\"container\">\n\t\t\t\t\t<div class=\"e-con-inner\">\n\t\t\t\t<div class=\"elementor-element elementor-element-b6501f7 elementor-widget elementor-widget-heading\" data-id=\"b6501f7\" data-element_type=\"widget\" data-e-type=\"widget\" data-widget_type=\"heading.default\">\n\t\t\t\t<div class=\"elementor-widget-container\">\n\t\t\t\t\t<h2 class=\"elementor-heading-title elementor-size-default\">Weitere Informationen\n<\/h2>\t\t\t\t<\/div>\n\t\t\t\t<\/div>\n\t\t\t\t<div class=\"elementor-element elementor-element-e3ce74e elementor-icon-list--layout-traditional elementor-list-item-link-full_width elementor-widget elementor-widget-icon-list\" data-id=\"e3ce74e\" data-element_type=\"widget\" data-e-type=\"widget\" data-widget_type=\"icon-list.default\">\n\t\t\t\t<div class=\"elementor-widget-container\">\n\t\t\t\t\t\t\t<ul class=\"elementor-icon-list-items\">\n\t\t\t\t\t\t\t<li class=\"elementor-icon-list-item\">\n\t\t\t\t\t\t\t\t\t\t\t<a href=\"https:\/\/www.fdp-tg.ch\/willkommen\" target=\"_blank\">\n\n\t\t\t\t\t\t\t\t\t\t\t\t<span class=\"elementor-icon-list-icon\">\n\t\t\t\t\t\t\t<svg aria-hidden=\"true\" class=\"e-font-icon-svg e-fas-link\" viewBox=\"0 0 512 512\" xmlns=\"http:\/\/www.w3.org\/2000\/svg\"><path d=\"M326.612 185.391c59.747 59.809 58.927 155.698.36 214.59-.11.12-.24.25-.36.37l-67.2 67.2c-59.27 59.27-155.699 59.262-214.96 0-59.27-59.26-59.27-155.7 0-214.96l37.106-37.106c9.84-9.84 26.786-3.3 27.294 10.606.648 17.722 3.826 35.527 9.69 52.721 1.986 5.822.567 12.262-3.783 16.612l-13.087 13.087c-28.026 28.026-28.905 73.66-1.155 101.96 28.024 28.579 74.086 28.749 102.325.51l67.2-67.19c28.191-28.191 28.073-73.757 0-101.83-3.701-3.694-7.429-6.564-10.341-8.569a16.037 16.037 0 0 1-6.947-12.606c-.396-10.567 3.348-21.456 11.698-29.806l21.054-21.055c5.521-5.521 14.182-6.199 20.584-1.731a152.482 152.482 0 0 1 20.522 17.197zM467.547 44.449c-59.261-59.262-155.69-59.27-214.96 0l-67.2 67.2c-.12.12-.25.25-.36.37-58.566 58.892-59.387 154.781.36 214.59a152.454 152.454 0 0 0 20.521 17.196c6.402 4.468 15.064 3.789 20.584-1.731l21.054-21.055c8.35-8.35 12.094-19.239 11.698-29.806a16.037 16.037 0 0 0-6.947-12.606c-2.912-2.005-6.64-4.875-10.341-8.569-28.073-28.073-28.191-73.639 0-101.83l67.2-67.19c28.239-28.239 74.3-28.069 102.325.51 27.75 28.3 26.872 73.934-1.155 101.96l-13.087 13.087c-4.35 4.35-5.769 10.79-3.783 16.612 5.864 17.194 9.042 34.999 9.69 52.721.509 13.906 17.454 20.446 27.294 10.606l37.106-37.106c59.271-59.259 59.271-155.699.001-214.959z\"><\/path><\/svg>\t\t\t\t\t\t<\/span>\n\t\t\t\t\t\t\t\t\t\t<span class=\"elementor-icon-list-text\">FDP Thurgau<\/span>\n\t\t\t\t\t\t\t\t\t\t\t<\/a>\n\t\t\t\t\t\t\t\t\t<\/li>\n\t\t\t\t\t\t\t\t<li class=\"elementor-icon-list-item\">\n\t\t\t\t\t\t\t\t\t\t\t<a href=\"https:\/\/www.fdp-weinfelden.ch\/willkommen\" target=\"_blank\">\n\n\t\t\t\t\t\t\t\t\t\t\t\t<span class=\"elementor-icon-list-icon\">\n\t\t\t\t\t\t\t<svg aria-hidden=\"true\" class=\"e-font-icon-svg e-fas-link\" viewBox=\"0 0 512 512\" xmlns=\"http:\/\/www.w3.org\/2000\/svg\"><path d=\"M326.612 185.391c59.747 59.809 58.927 155.698.36 214.59-.11.12-.24.25-.36.37l-67.2 67.2c-59.27 59.27-155.699 59.262-214.96 0-59.27-59.26-59.27-155.7 0-214.96l37.106-37.106c9.84-9.84 26.786-3.3 27.294 10.606.648 17.722 3.826 35.527 9.69 52.721 1.986 5.822.567 12.262-3.783 16.612l-13.087 13.087c-28.026 28.026-28.905 73.66-1.155 101.96 28.024 28.579 74.086 28.749 102.325.51l67.2-67.19c28.191-28.191 28.073-73.757 0-101.83-3.701-3.694-7.429-6.564-10.341-8.569a16.037 16.037 0 0 1-6.947-12.606c-.396-10.567 3.348-21.456 11.698-29.806l21.054-21.055c5.521-5.521 14.182-6.199 20.584-1.731a152.482 152.482 0 0 1 20.522 17.197zM467.547 44.449c-59.261-59.262-155.69-59.27-214.96 0l-67.2 67.2c-.12.12-.25.25-.36.37-58.566 58.892-59.387 154.781.36 214.59a152.454 152.454 0 0 0 20.521 17.196c6.402 4.468 15.064 3.789 20.584-1.731l21.054-21.055c8.35-8.35 12.094-19.239 11.698-29.806a16.037 16.037 0 0 0-6.947-12.606c-2.912-2.005-6.64-4.875-10.341-8.569-28.073-28.073-28.191-73.639 0-101.83l67.2-67.19c28.239-28.239 74.3-28.069 102.325.51 27.75 28.3 26.872 73.934-1.155 101.96l-13.087 13.087c-4.35 4.35-5.769 10.79-3.783 16.612 5.864 17.194 9.042 34.999 9.69 52.721.509 13.906 17.454 20.446 27.294 10.606l37.106-37.106c59.271-59.259 59.271-155.699.001-214.959z\"><\/path><\/svg>\t\t\t\t\t\t<\/span>\n\t\t\t\t\t\t\t\t\t\t<span class=\"elementor-icon-list-text\">FDP Weinfelden<\/span>\n\t\t\t\t\t\t\t\t\t\t\t<\/a>\n\t\t\t\t\t\t\t\t\t<\/li>\n\t\t\t\t\t\t<\/ul>\n\t\t\t\t\t\t<\/div>\n\t\t\t\t<\/div>\n\t\t\t\t\t<\/div>\n\t\t\t\t<\/div>\n\t\t\t\t<\/div>\n\t\t","protected":false},"excerpt":{"rendered":"<p>Politik Politik mit Leidenschaft Eine freiheitliche Wirtschafts- und Gesellschaftsordnung steht im Zentrum meiner Politik. Sowohl die B\u00fcrger als auch die Unternehmen sollen nicht durch die zunehmende \u00dcberregulierung in ihrem Tun eingeschr\u00e4nkt werden. Dies setzt voraus, dass jede und jeder die notwendige Eigenverantwortung wahrnimmt und r\u00fccksichtsvoll handelt. Der Staat soll nur dort Aufgaben wahrnehmen, wo dies [&hellip;]<\/p>\n","protected":false},"author":1,"featured_media":0,"parent":0,"menu_order":0,"comment_status":"closed","ping_status":"closed","template":"","meta":{"footnotes":""},"class_list":["post-688","page","type-page","status-publish","hentry"],"_links":{"self":[{"href":"https:\/\/michele-straehl.ch\/index.php?rest_route=\/wp\/v2\/pages\/688","targetHints":{"allow":["GET"]}}],"collection":[{"href":"https:\/\/michele-straehl.ch\/index.php?rest_route=\/wp\/v2\/pages"}],"about":[{"href":"https:\/\/michele-straehl.ch\/index.php?rest_route=\/wp\/v2\/types\/page"}],"author":[{"embeddable":true,"href":"https:\/\/michele-straehl.ch\/index.php?rest_route=\/wp\/v2\/users\/1"}],"replies":[{"embeddable":true,"href":"https:\/\/michele-straehl.ch\/index.php?rest_route=%2Fwp%2Fv2%2Fcomments&post=688"}],"version-history":[{"count":16,"href":"https:\/\/michele-straehl.ch\/index.php?rest_route=\/wp\/v2\/pages\/688\/revisions"}],"predecessor-version":[{"id":1149,"href":"https:\/\/michele-straehl.ch\/index.php?rest_route=\/wp\/v2\/pages\/688\/revisions\/1149"}],"wp:attachment":[{"href":"https:\/\/michele-straehl.ch\/index.php?rest_route=%2Fwp%2Fv2%2Fmedia&parent=688"}],"curies":[{"name":"wp","href":"https:\/\/api.w.org\/{rel}","templated":true}]}}