{"id":2,"date":"2022-10-07T20:57:38","date_gmt":"2022-10-07T20:57:38","guid":{"rendered":"https:\/\/nostalgic-pasteur.194-56-190-69.plesk.page\/?page_id=2"},"modified":"2025-08-05T22:40:59","modified_gmt":"2025-08-05T20:40:59","slug":"sample-page","status":"publish","type":"page","link":"https:\/\/michele-straehl.ch\/","title":{"rendered":"Start"},"content":{"rendered":"\t\t<div data-elementor-type=\"wp-page\" data-elementor-id=\"2\" class=\"elementor elementor-2\" data-elementor-post-type=\"page\">\n\t\t\t\t<div class=\"elementor-element elementor-element-71c235b e-con-full e-flex e-con e-parent\" data-id=\"71c235b\" data-element_type=\"container\" data-e-type=\"container\" data-settings=\"{&quot;background_background&quot;:&quot;classic&quot;}\">\n\t\t<div class=\"elementor-element elementor-element-8cfa0d7 e-con-full e-flex e-con e-child\" data-id=\"8cfa0d7\" data-element_type=\"container\" data-e-type=\"container\" data-settings=\"{&quot;background_background&quot;:&quot;classic&quot;}\">\n\t\t\t\t<div class=\"elementor-element elementor-element-d4182da elementor-widget__width-auto elementor-widget elementor-widget-heading\" data-id=\"d4182da\" data-element_type=\"widget\" data-e-type=\"widget\" data-widget_type=\"heading.default\">\n\t\t\t\t<div class=\"elementor-widget-container\">\n\t\t\t\t\t<h1 class=\"elementor-heading-title elementor-size-default\">Mich\u00e8le Str\u00e4hl<\/h1>\t\t\t\t<\/div>\n\t\t\t\t<\/div>\n\t\t\t\t<div class=\"elementor-element elementor-element-48b38c5 elementor-widget__width-auto elementor-widget elementor-widget-heading\" data-id=\"48b38c5\" data-element_type=\"widget\" data-e-type=\"widget\" data-widget_type=\"heading.default\">\n\t\t\t\t<div class=\"elementor-widget-container\">\n\t\t\t\t\t<span class=\"elementor-heading-title elementor-size-default\">Kantonsr\u00e4tin TG \/ FDP<\/span>\t\t\t\t<\/div>\n\t\t\t\t<\/div>\n\t\t\t\t<\/div>\n\t\t\t\t<\/div>\n\t\t<div class=\"elementor-element elementor-element-574ec0e e-flex e-con-boxed e-con e-parent\" data-id=\"574ec0e\" data-element_type=\"container\" data-e-type=\"container\">\n\t\t\t\t\t<div class=\"e-con-inner\">\n\t\t\t\t<div class=\"elementor-element elementor-element-58ddf13 elementor-widget elementor-widget-heading\" data-id=\"58ddf13\" data-element_type=\"widget\" data-e-type=\"widget\" data-widget_type=\"heading.default\">\n\t\t\t\t<div class=\"elementor-widget-container\">\n\t\t\t\t\t<h2 class=\"elementor-heading-title elementor-size-default\">Kantonsratswahlen 2024: Danke vielmals!!!\n<\/h2>\t\t\t\t<\/div>\n\t\t\t\t<\/div>\n\t\t\t\t<div class=\"elementor-element elementor-element-09203cd elementor-widget elementor-widget-text-editor\" data-id=\"09203cd\" data-element_type=\"widget\" data-e-type=\"widget\" data-widget_type=\"text-editor.default\">\n\t\t\t\t<div class=\"elementor-widget-container\">\n\t\t\t\t\t\t\t\t\t<p>Herzlichen Dank f\u00fcr eure unglaublichen 2&#8217;850 Stimmen! Ich bin \u00fcberw\u00e4ltigt! Dieser Vertrauensbeweis motiviert mich, mich auch weiterhin mit voller Kraft f\u00fcr eine freiheitliche Gesellschafts- und Wirtschaftsordnung in unserem Kanton einzusetzen.<\/p><p>Let&#8217;s go on&#8230;<\/p><p>Ihre Mich\u00e8le Str\u00e4hl<\/p>\t\t\t\t\t\t\t\t<\/div>\n\t\t\t\t<\/div>\n\t\t\t\t<div class=\"elementor-element elementor-element-ad8e2ad elementor-widget elementor-widget-video\" data-id=\"ad8e2ad\" data-element_type=\"widget\" data-e-type=\"widget\" data-settings=\"{&quot;video_type&quot;:&quot;hosted&quot;,&quot;controls&quot;:&quot;yes&quot;}\" data-widget_type=\"video.default\">\n\t\t\t\t<div class=\"elementor-widget-container\">\n\t\t\t\t\t\t\t<div class=\"e-hosted-video elementor-wrapper elementor-open-inline\">\n\t\t\t\t\t<video class=\"elementor-video\" src=\"https:\/\/michele-straehl.ch\/wp-content\/uploads\/2025\/07\/227_fdp_straehl_2.mp4\" controls=\"\" preload=\"metadata\" controlsList=\"nodownload\"><\/video>\n\t\t\t\t<\/div>\n\t\t\t\t\t\t<\/div>\n\t\t\t\t<\/div>\n\t\t\t\t\t<\/div>\n\t\t\t\t<\/div>\n\t\t<div class=\"elementor-element elementor-element-5718ada e-flex e-con-boxed e-con e-parent\" data-id=\"5718ada\" data-element_type=\"container\" data-e-type=\"container\" data-settings=\"{&quot;background_background&quot;:&quot;classic&quot;}\">\n\t\t\t\t\t<div class=\"e-con-inner\">\n\t\t\t\t<div class=\"elementor-element elementor-element-d6f9ead elementor-view-default elementor-position-block-start elementor-mobile-position-block-start elementor-widget elementor-widget-icon-box\" data-id=\"d6f9ead\" data-element_type=\"widget\" data-e-type=\"widget\" data-widget_type=\"icon-box.default\">\n\t\t\t\t<div class=\"elementor-widget-container\">\n\t\t\t\t\t\t\t<div class=\"elementor-icon-box-wrapper\">\n\n\t\t\t\t\t\t<div class=\"elementor-icon-box-icon\">\n\t\t\t\t<a href=\"https:\/\/michele-straehl.ch\/ueber-mich\/\" class=\"elementor-icon elementor-animation-grow\" tabindex=\"-1\" aria-label=\" \u00dcber mich\">\n\t\t\t\t<svg xmlns=\"http:\/\/www.w3.org\/2000\/svg\" xmlns:xlink=\"http:\/\/www.w3.org\/1999\/xlink\" id=\"Ebene_1\" x=\"0px\" y=\"0px\" viewBox=\"0 0 685.3 616.4\" style=\"enable-background:new 0 0 685.3 616.4;\" xml:space=\"preserve\"><style type=\"text\/css\">\t.st0{fill:#371C88;}\t.st1{fill:#3C52A4;}\t.st2{fill:#0FA1E2;}<\/style><path class=\"st0\" d=\"M561.5,462.1c8.9,12.6,16.7,25.9,23.4,39.8C578.2,488,570.4,474.7,561.5,462.1z\"><\/path><path class=\"st0\" d=\"M516.4,412.4c-100.2-85.7-248-85.7-348.2,0l174.1,174.1L516.4,412.4z\"><\/path><path class=\"st1\" d=\"M74.1,616.3h94.1V412.4C108.4,463.3,74,537.9,74.1,616.3z\"><\/path><path class=\"st1\" d=\"M610.1,601.8c-0.1-1.5-0.2-3.1-0.3-4.6c-0.2-3.3-0.5-6.5-0.8-9.8c-0.2-1.8-0.5-3.5-0.7-5.3 c-0.4-3-0.8-6-1.2-8.9c-0.3-1.8-0.6-3.6-1-5.3c-0.5-2.9-1.1-5.8-1.7-8.7c-0.4-1.7-0.8-3.5-1.2-5.2c-0.7-2.9-1.4-5.8-2.2-8.7 c-0.4-1.6-0.9-3.2-1.4-4.8c-0.9-3-1.8-6-2.8-9c-0.5-1.4-0.9-2.8-1.4-4.2c-1.1-3.2-2.3-6.4-3.6-9.6c-0.4-1.1-0.8-2.2-1.3-3.3 c-1.5-3.7-3.1-7.4-4.8-11c-0.2-0.5-0.5-1-0.7-1.5c-6.6-13.9-14.5-27.2-23.4-39.8c-4.7-6.7-9.6-13.2-15-19.5l-0.2-0.3 c-3-3.5-6-6.9-9.2-10.2c-0.1-0.2-0.3-0.3-0.4-0.4c-3.1-3.3-6.3-6.5-9.6-9.6l-0.4-0.3c-3.4-3.2-6.8-6.3-10.4-9.3l0,0v203.9h94.1 C610.5,611.5,610.3,606.6,610.1,601.8z\"><\/path><polygon class=\"st2\" points=\"342.3,586.5 168.2,412.4 168.2,616.3 312.5,616.3 372.1,616.3 516.4,616.3 516.4,412.4 \"><\/polygon><path class=\"st1\" d=\"M342.3,300.9V5c-81.7,1.6-146.6,69.2-145,150.9C198.9,235.4,262.9,299.4,342.3,300.9L342.3,300.9z\"><\/path><path class=\"st2\" d=\"M490.3,152.9C490.2,71.2,424,5,342.3,5v295.9C424,300.9,490.2,234.7,490.3,152.9z\"><\/path><polygon class=\"st1\" points=\"685.3,26.5 684.5,26.5 684.5,27.2 \"><\/polygon><polygon class=\"st0\" points=\"684.5,26.4 684.5,26.5 684.5,26.5 \"><\/polygon><\/svg>\t\t\t\t<\/a>\n\t\t\t<\/div>\n\t\t\t\n\t\t\t\t\t\t<div class=\"elementor-icon-box-content\">\n\n\t\t\t\t\t\t\t\t\t<span class=\"elementor-icon-box-title\">\n\t\t\t\t\t\t<a href=\"https:\/\/michele-straehl.ch\/ueber-mich\/\" >\n\t\t\t\t\t\t\t \u00dcber mich\t\t\t\t\t\t<\/a>\n\t\t\t\t\t<\/span>\n\t\t\t\t\n\t\t\t\t\n\t\t\t<\/div>\n\t\t\t\n\t\t<\/div>\n\t\t\t\t\t\t<\/div>\n\t\t\t\t<\/div>\n\t\t\t\t<div class=\"elementor-element elementor-element-f47bf0f elementor-view-default elementor-position-block-start elementor-mobile-position-block-start elementor-widget elementor-widget-icon-box\" data-id=\"f47bf0f\" data-element_type=\"widget\" data-e-type=\"widget\" data-widget_type=\"icon-box.default\">\n\t\t\t\t<div class=\"elementor-widget-container\">\n\t\t\t\t\t\t\t<div class=\"elementor-icon-box-wrapper\">\n\n\t\t\t\t\t\t<div class=\"elementor-icon-box-icon\">\n\t\t\t\t<a href=\"https:\/\/michele-straehl.ch\/politik\/\" class=\"elementor-icon elementor-animation-grow\" tabindex=\"-1\" aria-label=\"Politik\">\n\t\t\t\t<svg xmlns=\"http:\/\/www.w3.org\/2000\/svg\" id=\"Ebene_1\" data-name=\"Ebene 1\" viewBox=\"0 0 599.99 621.37\"><defs><style>.cls-1{fill:none;}.cls-2{fill:#07a0e1;}.cls-3{fill:#0fa1e2;}.cls-4{fill:#3c52a4;}.cls-5{fill:#371c88;}<\/style><\/defs><path class=\"cls-1\" d=\"M473.47,432v-.16H457V432Z\" transform=\"translate(-198.32 -161.9)\"><\/path><polygon class=\"cls-1\" points=\"317.34 240.35 317.33 240.34 302.82 254.85 302.82 254.86 317.34 240.35\"><\/polygon><path class=\"cls-1\" d=\"M397.68,431.8H302.51c0,.05,0,.11,0,.16h95.15Z\" transform=\"translate(-198.32 -161.9)\"><\/path><path class=\"cls-1\" d=\"M340.75,499.05l-38.53-38.53v.08l38.49,38.47Z\" transform=\"translate(-198.32 -161.9)\"><\/path><path class=\"cls-1\" d=\"M501.16,432h16.43v-.16H501.16Z\" transform=\"translate(-198.32 -161.9)\"><\/path><path class=\"cls-1\" d=\"M561.92,432v-.16H545.44V432Z\" transform=\"translate(-198.32 -161.9)\"><\/path><path class=\"cls-1\" d=\"M451.18,431.8H434.77V432h16.41Z\" transform=\"translate(-198.32 -161.9)\"><\/path><path class=\"cls-1\" d=\"M694.39,432a.81.81,0,0,0,0-.16H599.24V432Z\" transform=\"translate(-198.32 -161.9)\"><\/path><path class=\"cls-1\" d=\"M539.65,432v-.16H523.37V432Z\" transform=\"translate(-198.32 -161.9)\"><\/path><path class=\"cls-2\" d=\"M340.71,499.07,481.47,639.78,340.75,499.05Z\" transform=\"translate(-198.32 -161.9)\"><\/path><polygon class=\"cls-2\" points=\"497.63 481.2 599.73 583.25 599.73 583.21 497.72 481.2 497.63 481.2\"><\/polygon><path class=\"cls-2\" d=\"M483.88,643.8,371.18,756.55v0L483.88,643.88Z\" transform=\"translate(-198.32 -161.9)\"><\/path><polygon class=\"cls-2\" points=\"497.63 481.2 599.85 378.99 599.85 378.95 497.63 481.2 497.63 481.2\"><\/polygon><polygon class=\"cls-2\" points=\"75.23 481.2 75.23 584.78 75.23 584.79 75.23 481.2 75.23 481.2\"><\/polygon><path class=\"cls-2\" d=\"M695.81,643.11,594.06,744.85h0l101.8-101.75Z\" transform=\"translate(-198.32 -161.9)\"><\/path><path class=\"cls-2\" d=\"M696,431.8H694.4a.81.81,0,0,1,0,.16H696v-.08H798.16v-.12H696Z\" transform=\"translate(-198.32 -161.9)\"><\/path><path class=\"cls-2\" d=\"M434.77,432v-.16H397.68V432Z\" transform=\"translate(-198.32 -161.9)\"><\/path><path class=\"cls-2\" d=\"M545.44,432v-.16h-5.79V432Z\" transform=\"translate(-198.32 -161.9)\"><\/path><polygon class=\"cls-2\" points=\"302.82 254.86 302.82 254.85 297.07 260.61 297.07 260.61 302.82 254.86\"><\/polygon><path class=\"cls-2\" d=\"M599.24,432v-.16H561.92V432Z\" transform=\"translate(-198.32 -161.9)\"><\/path><path class=\"cls-2\" d=\"M523.37,432v-.16h-5.78V432Z\" transform=\"translate(-198.32 -161.9)\"><\/path><path class=\"cls-2\" d=\"M495.35,432h5.81v-.16h-5.81Z\" transform=\"translate(-198.32 -161.9)\"><\/path><polygon class=\"cls-2\" points=\"286.53 60.01 286.53 60.01 286.53 59.97 286.53 59.97 286.53 60.01 284.3 60.01 284.3 60.01 286.53 60.01\"><\/polygon><path class=\"cls-2\" d=\"M473.47,431.8V432H479v-.16Z\" transform=\"translate(-198.32 -161.9)\"><\/path><path class=\"cls-2\" d=\"M457,432v-.16h-5.84V432Z\" transform=\"translate(-198.32 -161.9)\"><\/path><polygon class=\"cls-2\" points=\"28.09 222.61 28.08 222.61 72.05 266.57 28.09 222.61\"><\/polygon><path class=\"cls-2\" d=\"M198.64,506.81v.06L273.58,432l28.64,28.64v-.08L273.66,432h28.87s0-.11,0-.16H198.59a.86.86,0,0,1,0,.16h74.91Z\" transform=\"translate(-198.32 -161.9)\"><\/path><polygon class=\"cls-2\" points=\"286.53 59.97 286.53 59.93 286.53 5.1 286.53 5.1 286.53 59.97 286.53 59.97\"><\/polygon><path class=\"cls-2\" d=\"M515.65,402.25,598.87,319v0l-83.21,83.25Z\" transform=\"translate(-198.32 -161.9)\"><\/path><path class=\"cls-3\" d=\"M696,643.11h0V783c8.51-.09,18.05-.17,24.61-.17,0-10.74-.1-21.18.11-31.61a5.94,5.94,0,0,1,2.43-4.32c15.23-8.81,30.6-8.87,46-.35a4.62,4.62,0,0,1,2.79,4.67c-.14,6.71,0,13.43,0,20.15V782.9H798V745.15L696,643.11Z\" transform=\"translate(-198.32 -161.9)\"><\/path><polygon class=\"cls-3\" points=\"497.63 481.2 497.63 481.2 497.63 481.2 497.63 481.2\"><\/polygon><path class=\"cls-3\" d=\"M198.64,643.11v14h-.32v15.67c0,.41,0,.79,0,1.07.11,35.07.07,70.13.07,105.2v0l4.2,4.19c5.82,0,16.44-.08,22.39-.08,0-10.89.08-21.31-.06-31.73a4.9,4.9,0,0,1,2.9-5c15.21-8.18,30.34-8.22,45.52.12.08,0,.13.1.21.15V643.11Z\" transform=\"translate(-198.32 -161.9)\"><\/path><path class=\"cls-4\" d=\"M665.9,643.11c0,4,0,8.1,0,12.16,0,.62.05,1.24.08,1.86h-29.2v-2.18c0-3.94,0-7.89,0-11.83H589.21q0,6.09,0,12.18v1.83H560.1v-14H512.94v12c0,.63,0,1.3.09,2H483.88V643.88L371.17,756.59c0,10.58,0,26.68,0,26.68l25.35-.33v-4.28c0-9.2-.11-18.4.11-27.6a5.91,5.91,0,0,1,2.43-4.3c15.16-8.68,30.44-8.58,45.75-.21a4.6,4.6,0,0,1,2.68,4.73c-.13,8.08-.05,16.16-.05,24.24V783H472.8v-4.21c0-9.08.12-18.16-.07-27.23-.05-2.68,1-4,3.18-5.21,15-8,29.87-8,44.85,0,2.19,1.17,3.25,2.52,3.2,5.2-.18,9.07-.08,18.15-.06,27.22,0,1.34.11,2.68.19,4.48,7.22,0,14.15-.14,21.07.07l4.05-.07v-4.29c0-7,0-20.75-.1-27.55a4.65,4.65,0,0,1,2.71-4.73c14.1-7.74,28.14-8.31,42.24-1.76L695.81,643.11Z\" transform=\"translate(-198.32 -161.9)\"><\/path><polygon class=\"cls-4\" points=\"599.73 583.21 599.73 497.35 599.85 497.35 599.85 481.2 497.72 481.2 599.73 583.21\"><\/polygon><path class=\"cls-5\" d=\"M695.89,643.11,594.09,744.86c1.18.55,2.36,1.06,3.54,1.71a4.53,4.53,0,0,1,2.77,4.67c-.17,4.72,0,9.45,0,14.17V783h25.3v-4.21c0-8.95.15-17.91-.08-26.86-.08-3,1-4.47,3.5-5.76,14.89-7.87,29.68-7.78,44.53.11,2.37,1.26,3.37,2.76,3.31,5.53,0,2.92-.08,7.31-.08,11.88,0,1.26,0,2.53,0,3.8,0,8.15,0,15.8,0,15.8s8.76-.12,19-.23V643.11Z\" transform=\"translate(-198.32 -161.9)\"><\/path><path class=\"cls-5\" d=\"M483.88,643.11H436.54c0,3.74,0,7.48,0,11.23,0,.88,0,1.84,0,2.76H407.38c0-1.53,0-3.08,0-4.56,0-3.14,0-6.28,0-9.42H360.09c0,4.09,0,8.19,0,12.29v1.69H330.92c0-4.69,0-9.33,0-14H273.55V746.69a4.86,4.86,0,0,1,2.68,4.85c-.15,9.2-.13,31.64-.13,31.64l4.25.08c9.7-.2,19.4-.08,29.1-.08h10.39v-4.44c0-9.08.08-18.15,0-27.23a4.88,4.88,0,0,1,2.94-5c15.31-8.4,30.52-8.35,45.79.1a4.63,4.63,0,0,1,2.69,4.73c0,1.43,0,3.22,0,5.17L483.88,643.8Z\" transform=\"translate(-198.32 -161.9)\"><\/path><path class=\"cls-3\" d=\"M198.46,781.22v2l4.11,0-4.19-4.18A5.72,5.72,0,0,0,198.46,781.22Z\" transform=\"translate(-198.32 -161.9)\"><\/path><polygon class=\"cls-3\" points=\"0.07 617.15 0.07 617.15 4.26 621.34 4.26 621.34 0.07 617.15\"><\/polygon><path class=\"cls-3\" d=\"M330.91,643q0-12.62,0-25.12c0-9,6.22-15.62,14.51-15.67,8.49-.05,14.6,6.57,14.62,15.9q0,12.43,0,24.89h47.33c0-9.5,0-19,.42-28.48.34-7.23,7.24-12.5,14.45-12.31s13.65,5.78,13.88,13c.3,9.26.33,18.53.37,27.8h47.34v-.8l-2.41-2.41L340.71,499.07q-11.22,6.4-22.45,12.8c-1.66.94-3.4,2-5.28,3H302.22V460.6L273.58,432V643Z\" transform=\"translate(-198.32 -161.9)\"><\/path><path class=\"cls-3\" d=\"M436.54,643v.12h47.34V643Z\" transform=\"translate(-198.32 -161.9)\"><\/path><path class=\"cls-3\" d=\"M360.09,643v.12h47.33V643Z\" transform=\"translate(-198.32 -161.9)\"><\/path><path class=\"cls-3\" d=\"M273.58,643v.12h57.33V643Z\" transform=\"translate(-198.32 -161.9)\"><\/path><path class=\"cls-3\" d=\"M694.6,434.68v80.23H683.78l-.89-.54Q643,491.56,603,468.81a14.32,14.32,0,0,0-3.74-1.41V432H561.92c0,.81,0,1.62,0,2.43a14.35,14.35,0,0,1-.29,2H545.75a26.81,26.81,0,0,1-.31-2.89V432h-5.79c0,1.47,0,2.91,0,4.38H523.37V432h-5.78c0,1.48,0,2.91,0,4.4H501.16V432h-5.81c0,1.48,0,2.93,0,4.41h-6.12L656,603.12a13.64,13.64,0,0,1,8.79,8.79l31.16,31.17h0l0,0V432h-1.56c0,.92-.17,1.79-.2,2.72Z\" transform=\"translate(-198.32 -161.9)\"><\/path><rect class=\"cls-3\" x=\"695.93\" y=\"643.07\" height=\"0.04\" transform=\"translate(-449.21 518.56) rotate(-45)\"><\/rect><polygon class=\"cls-3\" points=\"497.61 481.18 497.61 481.18 497.61 481.18 497.61 481.18\"><\/polygon><polygon class=\"cls-4\" points=\"497.63 481.2 497.72 481.2 497.69 481.17 599.85 481.17 599.85 378.99 497.63 481.2 497.63 481.2\"><\/polygon><polygon class=\"cls-4\" points=\"497.63 481.2 497.63 481.2 497.63 481.2 497.63 481.2\"><\/polygon><polygon class=\"cls-4\" points=\"497.69 481.17 497.72 481.2 599.85 481.2 599.85 481.17 497.69 481.17\"><\/polygon><path class=\"cls-4\" d=\"M198.64,434.72v72.09L273.49,432H198.58c-.05.92-.15,1.82-.17,2.76Z\" transform=\"translate(-198.32 -161.9)\"><\/path><path class=\"cls-5\" d=\"M696,432V643.1h0L798.16,540.85V434.68h.15c0-.67-.11-1.31-.15-2v-.82H696Z\" transform=\"translate(-198.32 -161.9)\"><\/path><polygon class=\"cls-5\" points=\"497.63 481.2 497.63 481.2 497.63 481.2 497.63 481.2\"><\/polygon><path class=\"cls-4\" d=\"M664.76,611.91a20.79,20.79,0,0,1,1.12,6.8c0,8.12,0,16.24,0,24.36h29.94l0,0h.08l0,0Z\" transform=\"translate(-198.32 -161.9)\"><\/path><path class=\"cls-4\" d=\"M483.89,617.78c0-9,6.19-15.61,14.52-15.58s14.5,6.63,14.52,15.65q0,12.61,0,25.22H560.1q0-4.71,0-9.41c0-6-.24-12,.3-17.89.78-8.48,7.48-14.12,15.31-13.56,8,.58,13.48,6.8,13.49,15.4s0,17,0,25.46h47.56c0-8.85,0-17.7,0-26.55A14.28,14.28,0,0,1,655,602.79c.33.09.61.23.93.33L489.21,436.37H479V432h-5.54c0,1.48,0,2.91,0,4.41H457V432h-5.84v4.48h-16a15.2,15.2,0,0,1-.42-2.47c0-.67,0-1.34,0-2H397.68v35.39a13.76,13.76,0,0,0-3.72,1.36q-26.65,15.09-53.21,30.34L481.47,639.78l2.41,2.41Q483.88,630,483.89,617.78Z\" transform=\"translate(-198.32 -161.9)\"><\/path><path class=\"cls-4\" d=\"M302.73,434.72c-.05-.93-.13-1.84-.2-2.76H273.66l28.56,28.56v-25.8Z\" transform=\"translate(-198.32 -161.9)\"><\/path><polygon class=\"cls-4\" points=\"497.61 481.2 497.63 481.2 497.61 481.18 497.61 481.2\"><\/polygon><path class=\"cls-4\" d=\"M665.9,643.07v0h29.91l0,0Z\" transform=\"translate(-198.32 -161.9)\"><\/path><path class=\"cls-4\" d=\"M512.94,643.07v0H560.1v0Z\" transform=\"translate(-198.32 -161.9)\"><\/path><path class=\"cls-4\" d=\"M589.21,643.07v0h47.56v0Z\" transform=\"translate(-198.32 -161.9)\"><\/path><polygon class=\"cls-4\" points=\"497.61 481.18 497.58 481.2 497.61 481.2 497.61 481.18 497.61 481.18\"><\/polygon><polygon class=\"cls-4\" points=\"283.16 477.87 285.57 480.28 285.57 480.28 283.16 477.87\"><\/polygon><rect class=\"cls-4\" x=\"482.02\" y=\"443.56\" height=\"44.07\"><\/rect><rect class=\"cls-4\" x=\"374.27\" y=\"239.93\" height=\"235.83\"><\/rect><polygon class=\"cls-4\" points=\"497.61 481.18 497.63 481.2 497.61 481.18 497.61 481.18\"><\/polygon><rect class=\"cls-4\" x=\"497.61\" y=\"481.17\"><\/rect><polygon class=\"cls-5\" points=\"75.23 481.17 75.23 481.2 75.23 481.2 75.23 481.09 75.26 481.09 75.26 270.06 0.33 344.96 0.33 481.17 75.23 481.17\"><\/polygon><rect class=\"cls-5\" x=\"0.33\" y=\"481.17\" width=\"74.9\" height=\"0.03\"><\/rect><rect class=\"cls-5\" x=\"75.23\" y=\"481.09\" width=\"0.03\" height=\"0.11\"><\/rect><path class=\"cls-3\" d=\"M270.37,428.47l-44-44c-.16.08-.33.16-.48.25a63.64,63.64,0,0,0-6.63,4.64c-13.52,10.84-19.73,25.4-20.7,42.39H273.7Z\" transform=\"translate(-198.32 -161.9)\"><\/path><path class=\"cls-3\" d=\"M482.61,228.13c-49.95,7.57-81.89,49.43-84.78,91.4h-.15v5.29c0,.95-.1,1.89-.08,2.83h.08V338h-6.59v1.32l66.26,66.26a7.49,7.49,0,0,1,7.44-6c4.92-.14,8.5,2.8,8.61,7.76.1,4.77.11,9.54.1,14.37l5.51,5.5c0-6.19-.1-12.39.05-18.58.13-4.85,2.22-7.8,5.78-8.72v-178h-2.23Z\" transform=\"translate(-198.32 -161.9)\"><\/path><path class=\"cls-4\" d=\"M517.57,408.22c0,8.19,0,16.43,0,24.84h5.78v-9.51c0-5.34-.07-10.69,0-16,.09-4.5,3.12-7.68,7.26-7.93,4.65-.28,8.69,2.22,8.84,6.59.32,8.9.19,17.83.14,26.88h5.79c0-8.14-.06-16.28,0-24.42,0-5.63,2.94-8.9,7.72-9.05,5.2-.17,8.54,2.81,8.68,8.47.21,8.33.11,16.66.08,25h37.32V369h6.17V338h-6.17V327.65h.09c0-.63-.08-1.24-.09-1.86v-6.26h-.31c0-.17,0-.33-.06-.5l-83.22,83.22A9.26,9.26,0,0,1,517.57,408.22Z\" transform=\"translate(-198.32 -161.9)\"><\/path><path class=\"cls-4\" d=\"M501.16,433.06v-6c0-3.44,0-6.89,0-10.33l-5.75,5.75c0,3.5,0,7,0,10.55Z\" transform=\"translate(-198.32 -161.9)\"><\/path><path class=\"cls-4\" d=\"M696,431.76h-.89l54.31-54.3v-40c0-9.42,0-18.18,0-24.57,0-1.69-.19-3.29-1.6-3.94a1.91,1.91,0,0,0-1.57-.28c-2.39.06-2.9,1.68-3,3.64a4.74,4.74,0,0,0-.16.94c-.13,15.55-.11,45.4-.1,64.52a41.68,41.68,0,0,0-5.81.83l-.42.1a46,46,0,0,0-5.35,1.5c-.6.21-1.2.49-1.8.73-1.37.54-2.74,1.06-4.1,1.74a56.66,56.66,0,0,0-6.11,3.49c-16.33,10.69-23.89,26.44-25.08,45.6H696Z\" transform=\"translate(-198.32 -161.9)\"><\/path><polygon class=\"cls-4\" points=\"286.53 59.97 286.53 59.97 286.53 59.97 286.53 59.97\"><\/polygon><path class=\"cls-4\" d=\"M514.15,221.83v-4.36h.12v-3.65c0-7.12,0-14.25,0-21.37l-29.36,29.38Z\" transform=\"translate(-198.32 -161.9)\"><\/path><path class=\"cls-5\" d=\"M798.09,431.75c-1.19-19-8.62-34.64-24.78-45.36a57.46,57.46,0,0,0-6.14-3.55c-1.42-.72-2.85-1.27-4.28-1.84-.56-.22-1.11-.49-1.66-.69a46.14,46.14,0,0,0-5.55-1.57l-.3-.08a42.72,42.72,0,0,0-5.46-.78L696,431.76H798.09Z\" transform=\"translate(-198.32 -161.9)\"><\/path><path class=\"cls-5\" d=\"M696,431.76l53.89-53.88c-.16,0-.31-.06-.47-.07v-.35l-54.31,54.3Z\" transform=\"translate(-198.32 -161.9)\"><\/path><path class=\"cls-5\" d=\"M514.15,228.06v-6.19H484.89l-.05,0h0v178a10.34,10.34,0,0,1,2.74-.33c4.09.07,7.53,2.54,7.65,6.61.16,5.43.18,10.85.16,16.31l5.75-5.75c0-2.9,0-5.79.05-8.69.09-5.27,3.36-8.51,8.31-8.48a7.67,7.67,0,0,1,6.15,2.65L598.86,319C595,273.81,560.87,235.16,514.15,228.06Z\" transform=\"translate(-198.32 -161.9)\"><\/path><polygon class=\"cls-5\" points=\"286.57 59.97 315.83 59.97 315.83 59.93 286.61 59.93 286.57 59.97\"><\/polygon><path class=\"cls-4\" d=\"M434.78,408.75c.08-6.15,3.58-9.51,9.21-9.16,3.74.23,7,3.1,7.1,6.84.19,8.57.08,17.15.09,25.72v.91H457v-1.73c0-7.83-.06-15.67,0-23.5a10.19,10.19,0,0,1,.31-2.27L391.09,339.3V369h6.59v64.07h37.09C434.74,425,434.68,416.85,434.78,408.75Z\" transform=\"translate(-198.32 -161.9)\"><\/path><path class=\"cls-4\" d=\"M479,428v-.81l-5.51-5.5c0,3.72,0,7.53,0,11.34H479Z\" transform=\"translate(-198.32 -161.9)\"><\/path><path class=\"cls-4\" d=\"M273.7,431.8h28.81c-1.78-21.18-10.45-38-29.69-48.18a53.51,53.51,0,0,0-6-2.68c-.82-.32-1.64-.6-2.46-.87-1.06-.35-2.11-.64-3.15-.91a46.09,46.09,0,0,0-7.66-1.34h0V312.93c0-2.13-.21-4.2-2.93-4.26-2.92-.07-3.24,2-3.24,4.35,0,8.94,0,17.87,0,26.82v37.94a43.63,43.63,0,0,0-14.06,3.28l-.42.15a53.79,53.79,0,0,0-6.06,3.06c-.14.09-.29.16-.44.24l44,44Z\" transform=\"translate(-198.32 -161.9)\"><\/path><polygon class=\"cls-4\" points=\"75.38 269.9 75.38 269.9 72.05 266.57 75.38 269.9\"><\/polygon><rect class=\"cls-4\" x=\"277.94\" y=\"258.67\" height=\"7.78\"><\/rect><rect class=\"cls-4\" x=\"424.22\" y=\"325.58\" height=\"93.7\" transform=\"translate(-337.41 247.15) rotate(-45)\"><\/rect><path class=\"cls-5\" d=\"M484.88,221.83l29.41-29.41c0-2.68,0-5.37.06-8a3.82,3.82,0,0,1,.3-1.34l3.17,0a19.4,19.4,0,0,0-.83-4.33c-.57-9.82-7.9-16.66-18.46-16.78a19.11,19.11,0,0,0-13.69,5.1v54.83Z\" transform=\"translate(-198.32 -161.9)\"><\/path><path class=\"cls-5\" d=\"M514.29,192.45v0l-29.41,29.41h.05Z\" transform=\"translate(-198.32 -161.9)\"><\/path><polygon class=\"cls-5\" points=\"286.53 60.01 286.57 59.97 286.53 59.97 286.53 60.01\"><\/polygon><polygon class=\"cls-5\" points=\"286.53 59.93 286.53 59.97 286.57 59.93 286.53 59.93\"><\/polygon><polygon class=\"cls-5\" points=\"286.57 59.97 286.61 59.93 286.57 59.93 286.53 59.97 286.53 59.97 286.57 59.97\"><\/polygon><path class=\"cls-5\" d=\"M479.89,180a18.86,18.86,0,0,0-.48,3.31l2.89,0a3.21,3.21,0,0,1,.14.79c.13,11.29.08,22.58.08,33.4h.09v4.44h2.23V167a17.52,17.52,0,0,0-5.2,13Z\" transform=\"translate(-198.32 -161.9)\"><\/path><line class=\"cls-1\" x1=\"0.15\" y1=\"621.37\" x2=\"0.15\" y2=\"610.44\"><\/line><\/svg>\t\t\t\t<\/a>\n\t\t\t<\/div>\n\t\t\t\n\t\t\t\t\t\t<div class=\"elementor-icon-box-content\">\n\n\t\t\t\t\t\t\t\t\t<span class=\"elementor-icon-box-title\">\n\t\t\t\t\t\t<a href=\"https:\/\/michele-straehl.ch\/politik\/\" >\n\t\t\t\t\t\t\tPolitik\t\t\t\t\t\t<\/a>\n\t\t\t\t\t<\/span>\n\t\t\t\t\n\t\t\t\t\n\t\t\t<\/div>\n\t\t\t\n\t\t<\/div>\n\t\t\t\t\t\t<\/div>\n\t\t\t\t<\/div>\n\t\t\t\t<div class=\"elementor-element elementor-element-54ae0b1 elementor-view-default elementor-position-block-start elementor-mobile-position-block-start elementor-widget elementor-widget-icon-box\" data-id=\"54ae0b1\" data-element_type=\"widget\" data-e-type=\"widget\" data-widget_type=\"icon-box.default\">\n\t\t\t\t<div class=\"elementor-widget-container\">\n\t\t\t\t\t\t\t<div class=\"elementor-icon-box-wrapper\">\n\n\t\t\t\t\t\t<div class=\"elementor-icon-box-icon\">\n\t\t\t\t<a href=\"https:\/\/michele-straehl.ch\/aktuell\/\" class=\"elementor-icon elementor-animation-grow\" tabindex=\"-1\" aria-label=\"Aktuell\">\n\t\t\t\t<svg xmlns=\"http:\/\/www.w3.org\/2000\/svg\" id=\"Ebene_1\" data-name=\"Ebene 1\" viewBox=\"0 0 83.32 73.69\"><defs><style>.cls-1{fill:#12519e;}.cls-2{fill:#009ee4;}.cls-3{fill:#fff;}<\/style><\/defs><path class=\"cls-1\" d=\"M84.06,7.39V48.86a6.66,6.66,0,0,1-6.66,6.66H38.85L26.23,74.3a.26.26,0,0,1-.48-.1L22.83,55.52H7.4A6.66,6.66,0,0,1,.74,48.86V7.39A6.66,6.66,0,0,1,7.4.73h70A6.66,6.66,0,0,1,84.06,7.39Z\" transform=\"translate(-0.74 -0.73)\"><\/path><path class=\"cls-2\" d=\"M64.65,4.86h14a2.22,2.22,0,0,1,2.21,2.22V49.3a2.21,2.21,0,0,1-2.21,2.22h-40Z\" transform=\"translate(-0.74 -0.73)\"><\/path><rect class=\"cls-3\" x=\"23.67\" y=\"34.8\" width=\"6.47\" height=\"6.47\"><\/rect><rect class=\"cls-3\" x=\"38.42\" y=\"34.8\" width=\"6.47\" height=\"6.47\"><\/rect><rect class=\"cls-3\" x=\"53.54\" y=\"34.8\" width=\"6.47\" height=\"6.47\"><\/rect><\/svg>\t\t\t\t<\/a>\n\t\t\t<\/div>\n\t\t\t\n\t\t\t\t\t\t<div class=\"elementor-icon-box-content\">\n\n\t\t\t\t\t\t\t\t\t<span class=\"elementor-icon-box-title\">\n\t\t\t\t\t\t<a href=\"https:\/\/michele-straehl.ch\/aktuell\/\" >\n\t\t\t\t\t\t\tAktuell\t\t\t\t\t\t<\/a>\n\t\t\t\t\t<\/span>\n\t\t\t\t\n\t\t\t\t\n\t\t\t<\/div>\n\t\t\t\n\t\t<\/div>\n\t\t\t\t\t\t<\/div>\n\t\t\t\t<\/div>\n\t\t\t\t\t<\/div>\n\t\t\t\t<\/div>\n\t\t\t\t<\/div>\n\t\t","protected":false},"excerpt":{"rendered":"<p>Kantonsratswahlen 2024: Danke vielmals!!! Herzlichen Dank f\u00fcr eure unglaublichen 2&#8217;850 Stimmen! Ich bin \u00fcberw\u00e4ltigt! Dieser Vertrauensbeweis motiviert mich, mich auch weiterhin mit voller Kraft f\u00fcr eine freiheitliche Gesellschafts- und Wirtschaftsordnung in unserem Kanton einzusetzen. Let&#8217;s go on&#8230; Ihre Mich\u00e8le Str\u00e4hl https:\/\/michele-straehl.ch\/wp-content\/uploads\/2025\/07\/227_fdp_straehl_2.mp4 \u00dcber mich Politik Aktuell<\/p>\n","protected":false},"author":1,"featured_media":0,"parent":0,"menu_order":0,"comment_status":"closed","ping_status":"closed","template":"elementor_header_footer","meta":{"footnotes":""},"class_list":["post-2","page","type-page","status-publish","hentry"],"_links":{"self":[{"href":"https:\/\/michele-straehl.ch\/index.php?rest_route=\/wp\/v2\/pages\/2","targetHints":{"allow":["GET"]}}],"collection":[{"href":"https:\/\/michele-straehl.ch\/index.php?rest_route=\/wp\/v2\/pages"}],"about":[{"href":"https:\/\/michele-straehl.ch\/index.php?rest_route=\/wp\/v2\/types\/page"}],"author":[{"embeddable":true,"href":"https:\/\/michele-straehl.ch\/index.php?rest_route=\/wp\/v2\/users\/1"}],"replies":[{"embeddable":true,"href":"https:\/\/michele-straehl.ch\/index.php?rest_route=%2Fwp%2Fv2%2Fcomments&post=2"}],"version-history":[{"count":20,"href":"https:\/\/michele-straehl.ch\/index.php?rest_route=\/wp\/v2\/pages\/2\/revisions"}],"predecessor-version":[{"id":1215,"href":"https:\/\/michele-straehl.ch\/index.php?rest_route=\/wp\/v2\/pages\/2\/revisions\/1215"}],"wp:attachment":[{"href":"https:\/\/michele-straehl.ch\/index.php?rest_route=%2Fwp%2Fv2%2Fmedia&parent=2"}],"curies":[{"name":"wp","href":"https:\/\/api.w.org\/{rel}","templated":true}]}}